{"id":8,"date":"2024-04-15T20:34:28","date_gmt":"2024-04-15T18:34:28","guid":{"rendered":"https:\/\/dev.avicsa.com\/?page_id=8"},"modified":"2024-08-29T13:05:32","modified_gmt":"2024-08-29T11:05:32","slug":"qui-som","status":"publish","type":"page","link":"https:\/\/dev.avicsa.com\/ca\/qui-som\/","title":{"rendered":"Qui som?"},"content":{"rendered":"\t\t<div data-elementor-type=\"wp-post\" data-elementor-id=\"8\" class=\"elementor elementor-8\" data-elementor-post-type=\"page\">\n\t\t\t\t<div class=\"elementor-element elementor-element-bf61562 e-flex e-con-boxed e-con e-parent\" data-id=\"bf61562\" data-element_type=\"container\" id=\"presentacio\">\n\t\t\t\t\t<div class=\"e-con-inner\">\n\t\t\t\t<div class=\"elementor-element elementor-element-d877df8 elementor-hidden-tablet elementor-hidden-mobile elementor-invisible elementor-widget elementor-widget-text-editor\" data-id=\"d877df8\" data-element_type=\"widget\" data-settings=\"{&quot;_animation&quot;:&quot;fadeIn&quot;}\" data-widget_type=\"text-editor.default\">\n\t\t\t\t<div class=\"elementor-widget-container\">\n\t\t\t<style>\/*! elementor - v3.23.0 - 05-08-2024 *\/\n.elementor-widget-text-editor.elementor-drop-cap-view-stacked .elementor-drop-cap{background-color:#69727d;color:#fff}.elementor-widget-text-editor.elementor-drop-cap-view-framed .elementor-drop-cap{color:#69727d;border:3px solid;background-color:transparent}.elementor-widget-text-editor:not(.elementor-drop-cap-view-default) .elementor-drop-cap{margin-top:8px}.elementor-widget-text-editor:not(.elementor-drop-cap-view-default) .elementor-drop-cap-letter{width:1em;height:1em}.elementor-widget-text-editor .elementor-drop-cap{float:left;text-align:center;line-height:1;font-size:50px}.elementor-widget-text-editor .elementor-drop-cap-letter{display:inline-block}<\/style>\t\t\t\t<p>Benvinguts a casa nostra, <img fetchpriority=\"high\" decoding=\"async\" class=\"alignnone wp-image-2917 size-medium\" src=\"https:\/\/dev.avicsa.com\/wp-content\/uploads\/2024\/08\/NAU-AVICSA-300x210.jpg\" alt=\"\" width=\"300\" height=\"210\" srcset=\"https:\/\/dev.avicsa.com\/wp-content\/uploads\/2024\/08\/NAU-AVICSA-300x210.jpg 300w, https:\/\/dev.avicsa.com\/wp-content\/uploads\/2024\/08\/NAU-AVICSA-18x12.jpg 18w, https:\/\/dev.avicsa.com\/wp-content\/uploads\/2024\/08\/NAU-AVICSA.jpg 700w\" sizes=\"(max-width: 300px) 100vw, 300px\" \/> des de l\u2019any 1975 fins l&#8217;actualitat, fent la boca <img decoding=\"async\" class=\"alignnone size-medium wp-image-2580\" src=\"https:\/\/dev.avicsa.com\/wp-content\/uploads\/2024\/07\/REVISTA--300x200.jpg\" alt=\"\" width=\"300\" height=\"200\" srcset=\"https:\/\/dev.avicsa.com\/wp-content\/uploads\/2024\/07\/REVISTA--300x200.jpg 300w, https:\/\/dev.avicsa.com\/wp-content\/uploads\/2024\/07\/REVISTA--1024x683.jpg 1024w, https:\/\/dev.avicsa.com\/wp-content\/uploads\/2024\/07\/REVISTA--768x512.jpg 768w, https:\/\/dev.avicsa.com\/wp-content\/uploads\/2024\/07\/REVISTA--18x12.jpg 18w, https:\/\/dev.avicsa.com\/wp-content\/uploads\/2024\/07\/REVISTA-.jpg 1200w\" sizes=\"(max-width: 300px) 100vw, 300px\" \/>\u00a0aigua dels nostres clients.<\/p>\t\t\t\t\t\t<\/div>\n\t\t\t\t<\/div>\n\t\t\t\t<div class=\"elementor-element elementor-element-b535602 elementor-hidden-desktop elementor-widget elementor-widget-heading\" data-id=\"b535602\" data-element_type=\"widget\" data-widget_type=\"heading.default\">\n\t\t\t\t<div class=\"elementor-widget-container\">\n\t\t\t<style>\/*! elementor - v3.23.0 - 05-08-2024 *\/\n.elementor-heading-title{padding:0;margin:0;line-height:1}.elementor-widget-heading .elementor-heading-title[class*=elementor-size-]>a{color:inherit;font-size:inherit;line-height:inherit}.elementor-widget-heading .elementor-heading-title.elementor-size-small{font-size:15px}.elementor-widget-heading .elementor-heading-title.elementor-size-medium{font-size:19px}.elementor-widget-heading .elementor-heading-title.elementor-size-large{font-size:29px}.elementor-widget-heading .elementor-heading-title.elementor-size-xl{font-size:39px}.elementor-widget-heading .elementor-heading-title.elementor-size-xxl{font-size:59px}<\/style><h2 class=\"elementor-heading-title elementor-size-default\">Benvinguts a casa nostra,  des de l\u2019any 1975 fins<\/h2>\t\t<\/div>\n\t\t\t\t<\/div>\n\t\t\t\t<div class=\"elementor-element elementor-element-1188e7b elementor-hidden-desktop elementor-widget elementor-widget-image\" data-id=\"1188e7b\" data-element_type=\"widget\" data-widget_type=\"image.default\">\n\t\t\t\t<div class=\"elementor-widget-container\">\n\t\t\t<style>\/*! elementor - v3.23.0 - 05-08-2024 *\/\n.elementor-widget-image{text-align:center}.elementor-widget-image a{display:inline-block}.elementor-widget-image a img[src$=\".svg\"]{width:48px}.elementor-widget-image img{vertical-align:middle;display:inline-block}<\/style>\t\t\t\t\t\t\t\t\t\t<img decoding=\"async\" width=\"500\" height=\"500\" src=\"https:\/\/dev.avicsa.com\/wp-content\/uploads\/2024\/04\/FAKE-SUBCATEGORIA-SLIDE01.jpg\" class=\"attachment-large size-large wp-image-286\" alt=\"\" srcset=\"https:\/\/dev.avicsa.com\/wp-content\/uploads\/2024\/04\/FAKE-SUBCATEGORIA-SLIDE01.jpg 500w, https:\/\/dev.avicsa.com\/wp-content\/uploads\/2024\/04\/FAKE-SUBCATEGORIA-SLIDE01-300x300.jpg 300w, https:\/\/dev.avicsa.com\/wp-content\/uploads\/2024\/04\/FAKE-SUBCATEGORIA-SLIDE01-150x150.jpg 150w, https:\/\/dev.avicsa.com\/wp-content\/uploads\/2024\/04\/FAKE-SUBCATEGORIA-SLIDE01-12x12.jpg 12w\" sizes=\"(max-width: 500px) 100vw, 500px\" \/>\t\t\t\t\t\t\t\t\t\t\t\t\t<\/div>\n\t\t\t\t<\/div>\n\t\t\t\t<div class=\"elementor-element elementor-element-d3a4c35 elementor-hidden-desktop elementor-widget elementor-widget-heading\" data-id=\"d3a4c35\" data-element_type=\"widget\" data-widget_type=\"heading.default\">\n\t\t\t\t<div class=\"elementor-widget-container\">\n\t\t\t<h2 class=\"elementor-heading-title elementor-size-default\">l'actualitat, fent la boca  aigua dels nostres clients.<\/h2>\t\t<\/div>\n\t\t\t\t<\/div>\n\t\t\t\t\t<\/div>\n\t\t\t\t<\/div>\n\t\t<div class=\"elementor-element elementor-element-8c6955f e-flex e-con-boxed e-con e-parent\" data-id=\"8c6955f\" data-element_type=\"container\">\n\t\t\t\t\t<div class=\"e-con-inner\">\n\t\t\t\t<div class=\"elementor-element elementor-element-df821eb elementor-invisible elementor-widget elementor-widget-text-editor\" data-id=\"df821eb\" data-element_type=\"widget\" data-settings=\"{&quot;_animation&quot;:&quot;fadeIn&quot;}\" data-widget_type=\"text-editor.default\">\n\t\t\t\t<div class=\"elementor-widget-container\">\n\t\t\t\t\t\t\t<p>Som una empresa familiar que creix any rere any i que es va consolidant com a referent en l\u2019\u00e0mbit de la distribuci\u00f3 gastron\u00f2mica, especialment en la nostra zona d\u2019actuaci\u00f3. Per\u00f2 aix\u00f2 no sempre ha estat aix\u00ed, i no volem deixar de nomenar i posar en valor l\u2019origen, <b>el nostre punt de partida que va comen\u00e7ar amb molt d\u2019esfor\u00e7 i comprom\u00eds<\/b> per anar escalant poc a poc el negoci. Tant \u00e9s aix\u00ed que Avicsa, Sabors Selectes neix l\u2019any 1975, en un petit local de Lleida, on s\u2019especialitza \u00fanicament en la venda i distribuci\u00f3 de l\u2019aviram.<\/p><p>Amb un equip ben redu\u00eft de persones, entre les quals es trobava el Ram\u00f3n, el nostre gerent actual, ens posem a rodar per Lleida amb una furgoneta per anar visitant botigues i restaurants de la ciutat, on<b> la venda personalitzada i propera ens donava una confian\u00e7a notable<\/b> en aquells clients que s\u2019anaven consolidant.<\/p><p>Poc a poc, l\u2019empresa va agafant for\u00e7a per ser reconeguda en l\u2019\u00e0mbit local i, amb el temps, anem ampliant el nostre cat\u00e0leg de productes per millorar <b>la nostra oferta gastron\u00f2mica, fent-la m\u00e9s exclusiva i diferenciada<\/b>.<\/p><p><b>El nostre cat\u00e0leg gastron\u00f2mic s\u2019anava ampliant, igual que la zona de distribuci\u00f3<\/b>. Formatges, carns, foie, vegetals, 5a gamma, productes variats de celler&#8230;i treballem amb productes exclusius tant catalans com de la resta de l\u2019estat, que volem portar a casa nostra per a que els nostres clients en puguin gaudir i diferenciar-se en el mercat mitjan\u00e7ant una categoria m\u00e9s gourmet. I amb aquesta proposta de valor \u00e9s com ens anem expandint fins a cobrir la totalitat de les prov\u00edncies de Lleida i Tarragona, juntament amb la franja d\u2019Arag\u00f3 fins a Barbastro. I aix\u00ed \u00e9s com arribem a l\u2019actualitat.<\/p>\t\t\t\t\t\t<\/div>\n\t\t\t\t<\/div>\n\t\t\t\t\t<\/div>\n\t\t\t\t<\/div>\n\t\t<div class=\"elementor-element elementor-element-5f56dc8 e-flex e-con-boxed e-con e-parent\" data-id=\"5f56dc8\" data-element_type=\"container\">\n\t\t\t\t\t<div class=\"e-con-inner\">\n\t\t<div class=\"elementor-element elementor-element-3e02f77 e-flex e-con-boxed e-con e-child\" data-id=\"3e02f77\" data-element_type=\"container\" data-settings=\"{&quot;background_background&quot;:&quot;classic&quot;}\">\n\t\t\t\t\t<div class=\"e-con-inner\">\n\t\t<div class=\"elementor-element elementor-element-3f2366b e-con-full e-flex elementor-invisible e-con e-child\" data-id=\"3f2366b\" data-element_type=\"container\" data-settings=\"{&quot;animation&quot;:&quot;fadeIn&quot;}\">\n\t\t<div class=\"elementor-element elementor-element-2f92665 e-con-full e-flex e-con e-child\" data-id=\"2f92665\" data-element_type=\"container\">\n\t\t\t\t<div class=\"elementor-element elementor-element-98d8203 elementor-widget__width-initial elementor-widget elementor-widget-text-editor\" data-id=\"98d8203\" data-element_type=\"widget\" data-widget_type=\"text-editor.default\">\n\t\t\t\t<div class=\"elementor-widget-container\">\n\t\t\t\t\t\t\t<p>La fam\u00edlia Avicsa continuem apostant i treballant per assolir i <b>implementar t\u00e8cniques de treball optimitzat i eficient<\/b>, tant per als nostres clients com per al tracte del producte i l\u2019equip hum\u00e0.<\/p>\t\t\t\t\t\t<\/div>\n\t\t\t\t<\/div>\n\t\t\t\t<div class=\"elementor-element elementor-element-63bfbb1 elementor-hidden-desktop elementor-invisible elementor-widget elementor-widget-button\" data-id=\"63bfbb1\" data-element_type=\"widget\" data-settings=\"{&quot;_animation&quot;:&quot;fadeIn&quot;}\" data-widget_type=\"button.default\">\n\t\t\t\t<div class=\"elementor-widget-container\">\n\t\t\t\t\t<div class=\"elementor-button-wrapper\">\n\t\t\t<a class=\"elementor-button elementor-button-link elementor-size-sm\" href=\"https:\/\/dev.avicsa.com\/ca\/contacte\/\">\n\t\t\t\t\t\t<span class=\"elementor-button-content-wrapper\">\n\t\t\t\t\t\t\t\t\t<span class=\"elementor-button-text\">TREBALLEM JUNTS?<\/span>\n\t\t\t\t\t<\/span>\n\t\t\t\t\t<\/a>\n\t\t<\/div>\n\t\t\t\t<\/div>\n\t\t\t\t<\/div>\n\t\t\t\t<\/div>\n\t\t<div class=\"elementor-element elementor-element-8f13d5a e-con-full e-flex e-con e-child\" data-id=\"8f13d5a\" data-element_type=\"container\">\n\t\t\t\t<div class=\"elementor-element elementor-element-5c9534e elementor-widget__width-initial elementor-invisible elementor-widget elementor-widget-heading\" data-id=\"5c9534e\" data-element_type=\"widget\" data-settings=\"{&quot;_animation&quot;:&quot;fadeIn&quot;}\" data-widget_type=\"heading.default\">\n\t\t\t\t<div class=\"elementor-widget-container\">\n\t\t\t<h2 class=\"elementor-heading-title elementor-size-default\">En l\u2019actualitat som m\u00e9s de 40 persones oferint di\u00e0riament el nostre esfor\u00e7 i comprom\u00eds en l\u2019empresa, per tal que l\u2019engranatge continu\u00ef girant sempre endavant.<\/h2>\t\t<\/div>\n\t\t\t\t<\/div>\n\t\t\t\t<div class=\"elementor-element elementor-element-8fd69f7 elementor-hidden-tablet elementor-hidden-mobile elementor-invisible elementor-widget elementor-widget-button\" data-id=\"8fd69f7\" data-element_type=\"widget\" data-settings=\"{&quot;_animation&quot;:&quot;fadeIn&quot;}\" data-widget_type=\"button.default\">\n\t\t\t\t<div class=\"elementor-widget-container\">\n\t\t\t\t\t<div class=\"elementor-button-wrapper\">\n\t\t\t<a class=\"elementor-button elementor-button-link elementor-size-sm\" href=\"https:\/\/dev.avicsa.com\/ca\/contacte\/\">\n\t\t\t\t\t\t<span class=\"elementor-button-content-wrapper\">\n\t\t\t\t\t\t\t\t\t<span class=\"elementor-button-text\">TREBALLEM JUNTS?<\/span>\n\t\t\t\t\t<\/span>\n\t\t\t\t\t<\/a>\n\t\t<\/div>\n\t\t\t\t<\/div>\n\t\t\t\t<\/div>\n\t\t\t\t<\/div>\n\t\t\t\t<\/div>\n\t\t<div class=\"elementor-element elementor-element-e35d5fa e-flex e-con-boxed e-con e-child\" data-id=\"e35d5fa\" data-element_type=\"container\">\n\t\t\t\t\t<div class=\"e-con-inner\">\n\t\t\t\t<div class=\"elementor-element elementor-element-ec76eca elementor-arrows-position-outside elementor-widget elementor-widget-image-carousel\" data-id=\"ec76eca\" data-element_type=\"widget\" data-settings=\"{&quot;slides_to_show&quot;:&quot;1&quot;,&quot;navigation&quot;:&quot;arrows&quot;,&quot;autoplay_speed&quot;:2500,&quot;autoplay&quot;:&quot;yes&quot;,&quot;pause_on_hover&quot;:&quot;yes&quot;,&quot;pause_on_interaction&quot;:&quot;yes&quot;,&quot;infinite&quot;:&quot;yes&quot;,&quot;effect&quot;:&quot;slide&quot;,&quot;speed&quot;:500}\" data-widget_type=\"image-carousel.default\">\n\t\t\t\t<div class=\"elementor-widget-container\">\n\t\t\t<style>\/*! elementor - v3.23.0 - 05-08-2024 *\/\n.elementor-widget-image-carousel .swiper,.elementor-widget-image-carousel .swiper-container{position:static}.elementor-widget-image-carousel .swiper-container .swiper-slide figure,.elementor-widget-image-carousel .swiper .swiper-slide figure{line-height:inherit}.elementor-widget-image-carousel .swiper-slide{text-align:center}.elementor-image-carousel-wrapper:not(.swiper-container-initialized):not(.swiper-initialized) .swiper-slide{max-width:calc(100% \/ var(--e-image-carousel-slides-to-show, 3))}<\/style>\t\t<div class=\"elementor-image-carousel-wrapper swiper\" dir=\"ltr\">\n\t\t\t<div class=\"elementor-image-carousel swiper-wrapper swiper-image-stretch\" aria-live=\"off\">\n\t\t\t\t\t\t\t\t<div class=\"swiper-slide\" role=\"group\" aria-roledescription=\"slide\" aria-label=\"1 de 3\"><figure class=\"swiper-slide-inner\"><img decoding=\"async\" class=\"swiper-slide-image\" src=\"https:\/\/dev.avicsa.com\/wp-content\/uploads\/2024\/04\/avicsa-saborsselectes-inici-02.png\" alt=\"avicsa-saborsselectes-inici-02\" \/><\/figure><\/div><div class=\"swiper-slide\" role=\"group\" aria-roledescription=\"slide\" aria-label=\"2 de 3\"><figure class=\"swiper-slide-inner\"><img decoding=\"async\" class=\"swiper-slide-image\" src=\"https:\/\/dev.avicsa.com\/wp-content\/uploads\/2024\/08\/vehicle-web.jpg\" alt=\"vehicle web\" \/><\/figure><\/div><div class=\"swiper-slide\" role=\"group\" aria-roledescription=\"slide\" aria-label=\"3 de 3\"><figure class=\"swiper-slide-inner\"><img decoding=\"async\" class=\"swiper-slide-image\" src=\"https:\/\/dev.avicsa.com\/wp-content\/uploads\/2024\/08\/furgo-web-.jpg\" alt=\"furgo web\" \/><\/figure><\/div>\t\t\t<\/div>\n\t\t\t\t\t\t\t\t\t\t\t\t<div class=\"elementor-swiper-button elementor-swiper-button-prev\" role=\"button\" tabindex=\"0\">\n\t\t\t\t\t\t<svg xmlns=\"http:\/\/www.w3.org\/2000\/svg\" xmlns:xlink=\"http:\/\/www.w3.org\/1999\/xlink\" id=\"Capa_1\" x=\"0px\" y=\"0px\" viewBox=\"0 0 58 14\" style=\"enable-background:new 0 0 58 14;\" xml:space=\"preserve\"><style type=\"text\/css\">\t.st0{fill:#967842;}<\/style><path class=\"st0\" d=\"M57.7,9.7l-0.1-0.6c-25.2,4.2-45.8-3.2-53-6.3C8.3,3.5,11.7,3.5,15.2,3c2-0.3,4-0.8,6.2-1.4l-0.2-0.6 c-2.2,0.7-4.2,1.1-6.1,1.4C10.6,3,6.8,2.8,1.7,1.4L0.3,1.1l1.1,1c0,0,4.6,3.8,11.7,7.6c2.5,1.3,5.1,2.5,7.6,3.5l0.2-0.6 c-2.5-1-5.1-2.2-7.6-3.5c-4-2.1-7.1-4.2-9.1-5.6c5.8,2.5,19.9,7.6,38,7.6C47.2,11,52.4,10.6,57.7,9.7z\"><\/path><\/svg>\t\t\t\t\t<\/div>\n\t\t\t\t\t<div class=\"elementor-swiper-button elementor-swiper-button-next\" role=\"button\" tabindex=\"0\">\n\t\t\t\t\t\t<svg xmlns=\"http:\/\/www.w3.org\/2000\/svg\" xmlns:xlink=\"http:\/\/www.w3.org\/1999\/xlink\" id=\"Capa_1\" x=\"0px\" y=\"0px\" viewBox=\"0 0 58 14\" style=\"enable-background:new 0 0 58 14;\" xml:space=\"preserve\"><style type=\"text\/css\">\t.st0{fill:#967842;}<\/style><path class=\"st0\" d=\"M0.3,9.7l0.1-0.6c25.2,4.2,45.8-3.2,53-6.3C49.7,3.5,46.3,3.5,42.8,3c-2-0.3-4-0.8-6.2-1.4l0.2-0.6 c2.2,0.7,4.2,1.1,6.1,1.4c4.5,0.7,8.4,0.4,13.4-0.9l1.4-0.4l-1.1,1c0,0-4.6,3.8-11.7,7.6c-2.5,1.3-5.1,2.5-7.6,3.5L37,12.5 c2.5-1,5.1-2.2,7.6-3.5c4-2.1,7.1-4.2,9.1-5.6c-5.8,2.5-19.9,7.6-38,7.6C10.8,11,5.6,10.6,0.3,9.7z\"><\/path><\/svg>\t\t\t\t\t<\/div>\n\t\t\t\t\n\t\t\t\t\t\t\t\t\t<\/div>\n\t\t\t\t<\/div>\n\t\t\t\t<\/div>\n\t\t\t\t\t<\/div>\n\t\t\t\t<\/div>\n\t\t\t\t\t<\/div>\n\t\t\t\t<\/div>\n\t\t\t\t\t<\/div>\n\t\t\t\t<\/div>\n\t\t\t\t<\/div>\n\t\t","protected":false},"excerpt":{"rendered":"<p>Benvinguts a casa nostra, des de l\u2019any 1975 fins l&#8217;actualitat, fent la boca \u00a0aigua dels nostres clients. Benvinguts a casa nostra, des de l\u2019any 1975 fins l&#8217;actualitat, fent la boca aigua dels nostres clients. Som una empresa familiar que creix any rere any i que es va consolidant com a referent en l\u2019\u00e0mbit de la [&hellip;]<\/p>\n","protected":false},"author":1,"featured_media":0,"parent":0,"menu_order":0,"comment_status":"closed","ping_status":"closed","template":"","meta":{"_acf_changed":false,"_uag_custom_page_level_css":"","footnotes":""},"class_list":["post-8","page","type-page","status-publish","hentry"],"acf":[],"uagb_featured_image_src":{"full":false,"thumbnail":false,"medium":false,"medium_large":false,"large":false,"1536x1536":false,"2048x2048":false,"trp-custom-language-flag":false},"uagb_author_info":{"display_name":"admin","author_link":"https:\/\/dev.avicsa.com\/ca\/author\/admin\/"},"uagb_comment_info":0,"uagb_excerpt":"Benvinguts a casa nostra, des de l\u2019any 1975 fins l&#8217;actualitat, fent la boca \u00a0aigua dels nostres clients. Benvinguts a casa nostra, des de l\u2019any 1975 fins l&#8217;actualitat, fent la boca aigua dels nostres clients. Som una empresa familiar que creix any rere any i que es va consolidant com a referent en l\u2019\u00e0mbit de la&hellip;","_links":{"self":[{"href":"https:\/\/dev.avicsa.com\/ca\/wp-json\/wp\/v2\/pages\/8","targetHints":{"allow":["GET"]}}],"collection":[{"href":"https:\/\/dev.avicsa.com\/ca\/wp-json\/wp\/v2\/pages"}],"about":[{"href":"https:\/\/dev.avicsa.com\/ca\/wp-json\/wp\/v2\/types\/page"}],"author":[{"embeddable":true,"href":"https:\/\/dev.avicsa.com\/ca\/wp-json\/wp\/v2\/users\/1"}],"replies":[{"embeddable":true,"href":"https:\/\/dev.avicsa.com\/ca\/wp-json\/wp\/v2\/comments?post=8"}],"version-history":[{"count":110,"href":"https:\/\/dev.avicsa.com\/ca\/wp-json\/wp\/v2\/pages\/8\/revisions"}],"predecessor-version":[{"id":3066,"href":"https:\/\/dev.avicsa.com\/ca\/wp-json\/wp\/v2\/pages\/8\/revisions\/3066"}],"wp:attachment":[{"href":"https:\/\/dev.avicsa.com\/ca\/wp-json\/wp\/v2\/media?parent=8"}],"curies":[{"name":"wp","href":"https:\/\/api.w.org\/{rel}","templated":true}]}}